{"id":7354,"date":"2018-03-27T16:02:35","date_gmt":"2018-03-27T16:02:35","guid":{"rendered":"http:\/\/du-fa.hu\/?post_type=product&#038;p=7354"},"modified":"2018-03-27T16:30:52","modified_gmt":"2018-03-27T16:30:52","slug":"camm-vcmezzaluna-grigio-40cm-atmeroju-felhold-25-35cm-vastag","status":"publish","type":"product","link":"http:\/\/du-fa.hu\/de\/termek\/camm-vcmezzaluna-grigio-40cm-atmeroju-felhold-25-35cm-vastag\/","title":{"rendered":"(Magyar) Camm.vcMezzaluna Grigio 40cm \u00e1tm\u00e9r\u0151j\u0171 f\u00e9lhold 2,5-3,5cm vastag"},"content":{"rendered":" ","protected":false},"excerpt":{"rendered":"<p class=\"qtranxs-available-languages-message qtranxs-available-languages-message-de\">Leider ist der Eintrag nur auf <a href=\"http:\/\/du-fa.hu\/hu\/wp-json\/wp\/v2\/product\/7354\" class=\"qtranxs-available-language-link qtranxs-available-language-link-hu\" title=\"Magyar\">Magyar<\/a> verf\u00fcgbar.<\/p>\n","protected":false},"featured_media":7355,"template":"","meta":[],"product_brand":[],"product_cat":[190],"product_tag":[],"class_list":{"0":"post-7354","1":"product","2":"type-product","3":"status-publish","4":"has-post-thumbnail","6":"product_cat-ko","8":"first","9":"instock","10":"featured","11":"taxable","12":"shipping-taxable","13":"purchasable","14":"product-type-simple"},"_links":{"self":[{"href":"http:\/\/du-fa.hu\/de\/wp-json\/wp\/v2\/product\/7354","targetHints":{"allow":["GET"]}}],"collection":[{"href":"http:\/\/du-fa.hu\/de\/wp-json\/wp\/v2\/product"}],"about":[{"href":"http:\/\/du-fa.hu\/de\/wp-json\/wp\/v2\/types\/product"}],"wp:featuredmedia":[{"embeddable":true,"href":"http:\/\/du-fa.hu\/de\/wp-json\/wp\/v2\/media\/7355"}],"wp:attachment":[{"href":"http:\/\/du-fa.hu\/de\/wp-json\/wp\/v2\/media?parent=7354"}],"wp:term":[{"taxonomy":"product_brand","embeddable":true,"href":"http:\/\/du-fa.hu\/de\/wp-json\/wp\/v2\/product_brand?post=7354"},{"taxonomy":"product_cat","embeddable":true,"href":"http:\/\/du-fa.hu\/de\/wp-json\/wp\/v2\/product_cat?post=7354"},{"taxonomy":"product_tag","embeddable":true,"href":"http:\/\/du-fa.hu\/de\/wp-json\/wp\/v2\/product_tag?post=7354"}],"curies":[{"name":"wp","href":"https:\/\/api.w.org\/{rel}","templated":true}]}}