{"id":7241,"date":"2018-03-19T15:39:57","date_gmt":"2018-03-19T15:39:57","guid":{"rendered":"http:\/\/du-fa.hu\/?post_type=product&#038;p=7241"},"modified":"2021-02-09T10:20:44","modified_gmt":"2021-02-09T10:20:44","slug":"jardalap-picola-vilagosszurke-gyongykavicsos-40x40x38-cm","status":"publish","type":"product","link":"http:\/\/du-fa.hu\/de\/termek\/jardalap-picola-vilagosszurke-gyongykavicsos-40x40x38-cm\/","title":{"rendered":"(Magyar) J\u00e1rdalap Picola vil\u00e1gossz\u00fcrke gy\u00f6ngykavicsos 40x40x3,8 cm"},"content":{"rendered":" ","protected":false},"excerpt":{"rendered":"","protected":false},"featured_media":7242,"template":"","meta":[],"product_brand":[],"product_cat":[119],"product_tag":[],"class_list":{"0":"post-7241","1":"product","2":"type-product","3":"status-publish","4":"has-post-thumbnail","6":"product_cat-jardalapszegelyko","8":"first","9":"instock","10":"taxable","11":"shipping-taxable","12":"purchasable","13":"product-type-simple"},"_links":{"self":[{"href":"http:\/\/du-fa.hu\/de\/wp-json\/wp\/v2\/product\/7241","targetHints":{"allow":["GET"]}}],"collection":[{"href":"http:\/\/du-fa.hu\/de\/wp-json\/wp\/v2\/product"}],"about":[{"href":"http:\/\/du-fa.hu\/de\/wp-json\/wp\/v2\/types\/product"}],"wp:featuredmedia":[{"embeddable":true,"href":"http:\/\/du-fa.hu\/de\/wp-json\/wp\/v2\/media\/7242"}],"wp:attachment":[{"href":"http:\/\/du-fa.hu\/de\/wp-json\/wp\/v2\/media?parent=7241"}],"wp:term":[{"taxonomy":"product_brand","embeddable":true,"href":"http:\/\/du-fa.hu\/de\/wp-json\/wp\/v2\/product_brand?post=7241"},{"taxonomy":"product_cat","embeddable":true,"href":"http:\/\/du-fa.hu\/de\/wp-json\/wp\/v2\/product_cat?post=7241"},{"taxonomy":"product_tag","embeddable":true,"href":"http:\/\/du-fa.hu\/de\/wp-json\/wp\/v2\/product_tag?post=7241"}],"curies":[{"name":"wp","href":"https:\/\/api.w.org\/{rel}","templated":true}]}}