{"id":7211,"date":"2018-03-07T14:34:46","date_gmt":"2018-03-07T14:34:46","guid":{"rendered":"http:\/\/du-fa.hu\/?post_type=product&#038;p=7211"},"modified":"2018-03-07T17:26:48","modified_gmt":"2018-03-07T17:26:48","slug":"kerti-szerszamtarolo-fahaz","status":"publish","type":"product","link":"http:\/\/du-fa.hu\/de\/termek\/kerti-szerszamtarolo-fahaz\/","title":{"rendered":"(Magyar) Kerti szersz\u00e1mt\u00e1rol\u00f3 fah\u00e1z"},"content":{"rendered":"<p class=\"qtranxs-available-languages-message qtranxs-available-languages-message-de\">Leider ist der Eintrag nur auf <a href=\"http:\/\/du-fa.hu\/hu\/wp-json\/wp\/v2\/product\/7211\" class=\"qtranxs-available-language-link qtranxs-available-language-link-hu\" title=\"Magyar\">Magyar<\/a> verf\u00fcgbar.<\/p>","protected":false},"excerpt":{"rendered":"<p class=\"qtranxs-available-languages-message qtranxs-available-languages-message-de\">Leider ist der Eintrag nur auf <a href=\"http:\/\/du-fa.hu\/hu\/wp-json\/wp\/v2\/product\/7211\" class=\"qtranxs-available-language-link qtranxs-available-language-link-hu\" title=\"Magyar\">Magyar<\/a> verf\u00fcgbar.<\/p>\n","protected":false},"featured_media":7212,"template":"","meta":[],"product_brand":[],"product_cat":[186],"product_tag":[],"class_list":{"0":"post-7211","1":"product","2":"type-product","3":"status-publish","4":"has-post-thumbnail","6":"product_cat-dezsaszaunatarolo","8":"first","9":"instock","10":"featured","11":"taxable","12":"shipping-taxable","13":"product-type-simple"},"_links":{"self":[{"href":"http:\/\/du-fa.hu\/de\/wp-json\/wp\/v2\/product\/7211","targetHints":{"allow":["GET"]}}],"collection":[{"href":"http:\/\/du-fa.hu\/de\/wp-json\/wp\/v2\/product"}],"about":[{"href":"http:\/\/du-fa.hu\/de\/wp-json\/wp\/v2\/types\/product"}],"wp:featuredmedia":[{"embeddable":true,"href":"http:\/\/du-fa.hu\/de\/wp-json\/wp\/v2\/media\/7212"}],"wp:attachment":[{"href":"http:\/\/du-fa.hu\/de\/wp-json\/wp\/v2\/media?parent=7211"}],"wp:term":[{"taxonomy":"product_brand","embeddable":true,"href":"http:\/\/du-fa.hu\/de\/wp-json\/wp\/v2\/product_brand?post=7211"},{"taxonomy":"product_cat","embeddable":true,"href":"http:\/\/du-fa.hu\/de\/wp-json\/wp\/v2\/product_cat?post=7211"},{"taxonomy":"product_tag","embeddable":true,"href":"http:\/\/du-fa.hu\/de\/wp-json\/wp\/v2\/product_tag?post=7211"}],"curies":[{"name":"wp","href":"https:\/\/api.w.org\/{rel}","templated":true}]}}