{"id":7001,"date":"2018-02-20T15:26:20","date_gmt":"2018-02-20T15:26:20","guid":{"rendered":"http:\/\/du-fa.hu\/?post_type=product&#038;p=7001"},"modified":"2022-09-16T13:26:47","modified_gmt":"2022-09-16T13:26:47","slug":"kupcserep-derekszogu-2-m-db-horganyzott","status":"publish","type":"product","link":"http:\/\/du-fa.hu\/de\/termek\/kupcserep-derekszogu-2-m-db-horganyzott\/","title":{"rendered":"(Magyar) K\u00fapcser\u00e9p der\u00e9ksz\u00f6g\u0171  2 m\/db horganyzott"},"content":{"rendered":" ","protected":false},"excerpt":{"rendered":"","protected":false},"featured_media":7045,"template":"","meta":[],"product_brand":[],"product_cat":[189],"product_tag":[],"class_list":{"0":"post-7001","1":"product","2":"type-product","3":"status-publish","4":"has-post-thumbnail","6":"product_cat-cserepes-es-trapezlemez-kiegeszitok","8":"first","9":"instock","10":"taxable","11":"shipping-taxable","12":"purchasable","13":"product-type-variable"},"_links":{"self":[{"href":"http:\/\/du-fa.hu\/de\/wp-json\/wp\/v2\/product\/7001","targetHints":{"allow":["GET"]}}],"collection":[{"href":"http:\/\/du-fa.hu\/de\/wp-json\/wp\/v2\/product"}],"about":[{"href":"http:\/\/du-fa.hu\/de\/wp-json\/wp\/v2\/types\/product"}],"wp:featuredmedia":[{"embeddable":true,"href":"http:\/\/du-fa.hu\/de\/wp-json\/wp\/v2\/media\/7045"}],"wp:attachment":[{"href":"http:\/\/du-fa.hu\/de\/wp-json\/wp\/v2\/media?parent=7001"}],"wp:term":[{"taxonomy":"product_brand","embeddable":true,"href":"http:\/\/du-fa.hu\/de\/wp-json\/wp\/v2\/product_brand?post=7001"},{"taxonomy":"product_cat","embeddable":true,"href":"http:\/\/du-fa.hu\/de\/wp-json\/wp\/v2\/product_cat?post=7001"},{"taxonomy":"product_tag","embeddable":true,"href":"http:\/\/du-fa.hu\/de\/wp-json\/wp\/v2\/product_tag?post=7001"}],"curies":[{"name":"wp","href":"https:\/\/api.w.org\/{rel}","templated":true}]}}