{"id":5865,"date":"2018-02-15T14:01:06","date_gmt":"2018-02-15T14:01:06","guid":{"rendered":"http:\/\/du-fa.hu\/?post_type=product&#038;p=5865"},"modified":"2021-04-19T11:07:02","modified_gmt":"2021-04-19T11:07:02","slug":"gipszkarton-profil-merevito-ajtohoz-ua-50-3-m-db","status":"publish","type":"product","link":"http:\/\/du-fa.hu\/de\/termek\/gipszkarton-profil-merevito-ajtohoz-ua-50-3-m-db\/","title":{"rendered":"(Magyar) Gipszkarton profil merev\u00edt\u0151 (ajt\u00f3hoz)  UA 50 &#8211; 3 m\/db"},"content":{"rendered":" ","protected":false},"excerpt":{"rendered":"","protected":false},"featured_media":5866,"template":"","meta":[],"product_brand":[],"product_cat":[76],"product_tag":[],"class_list":{"0":"post-5865","1":"product","2":"type-product","3":"status-publish","4":"has-post-thumbnail","6":"product_cat-gipszkarton-profil","8":"first","9":"instock","10":"taxable","11":"shipping-taxable","12":"purchasable","13":"product-type-simple"},"_links":{"self":[{"href":"http:\/\/du-fa.hu\/de\/wp-json\/wp\/v2\/product\/5865","targetHints":{"allow":["GET"]}}],"collection":[{"href":"http:\/\/du-fa.hu\/de\/wp-json\/wp\/v2\/product"}],"about":[{"href":"http:\/\/du-fa.hu\/de\/wp-json\/wp\/v2\/types\/product"}],"wp:featuredmedia":[{"embeddable":true,"href":"http:\/\/du-fa.hu\/de\/wp-json\/wp\/v2\/media\/5866"}],"wp:attachment":[{"href":"http:\/\/du-fa.hu\/de\/wp-json\/wp\/v2\/media?parent=5865"}],"wp:term":[{"taxonomy":"product_brand","embeddable":true,"href":"http:\/\/du-fa.hu\/de\/wp-json\/wp\/v2\/product_brand?post=5865"},{"taxonomy":"product_cat","embeddable":true,"href":"http:\/\/du-fa.hu\/de\/wp-json\/wp\/v2\/product_cat?post=5865"},{"taxonomy":"product_tag","embeddable":true,"href":"http:\/\/du-fa.hu\/de\/wp-json\/wp\/v2\/product_tag?post=5865"}],"curies":[{"name":"wp","href":"https:\/\/api.w.org\/{rel}","templated":true}]}}