{"id":5801,"date":"2018-02-15T13:13:04","date_gmt":"2018-02-15T13:13:04","guid":{"rendered":"http:\/\/du-fa.hu\/?post_type=product&#038;p=5801"},"modified":"2021-01-25T13:22:35","modified_gmt":"2021-01-25T13:22:35","slug":"eco-pvc-halos-elvedo-10x10-cm-25-m-db","status":"publish","type":"product","link":"http:\/\/du-fa.hu\/de\/termek\/eco-pvc-halos-elvedo-10x10-cm-25-m-db\/","title":{"rendered":"(Magyar) ECO PVC h\u00e1l\u00f3s \u00e9lv\u00e9d\u0151 10&#215;10 cm &#8211; 2,5 m\/db"},"content":{"rendered":" ","protected":false},"excerpt":{"rendered":"","protected":false},"featured_media":5802,"template":"","meta":[],"product_brand":[],"product_cat":[78],"product_tag":[],"class_list":{"0":"post-5801","1":"product","2":"type-product","3":"status-publish","4":"has-post-thumbnail","6":"product_cat-elvedoszalagok","8":"first","9":"instock","10":"taxable","11":"shipping-taxable","12":"purchasable","13":"product-type-simple"},"_links":{"self":[{"href":"http:\/\/du-fa.hu\/de\/wp-json\/wp\/v2\/product\/5801","targetHints":{"allow":["GET"]}}],"collection":[{"href":"http:\/\/du-fa.hu\/de\/wp-json\/wp\/v2\/product"}],"about":[{"href":"http:\/\/du-fa.hu\/de\/wp-json\/wp\/v2\/types\/product"}],"wp:featuredmedia":[{"embeddable":true,"href":"http:\/\/du-fa.hu\/de\/wp-json\/wp\/v2\/media\/5802"}],"wp:attachment":[{"href":"http:\/\/du-fa.hu\/de\/wp-json\/wp\/v2\/media?parent=5801"}],"wp:term":[{"taxonomy":"product_brand","embeddable":true,"href":"http:\/\/du-fa.hu\/de\/wp-json\/wp\/v2\/product_brand?post=5801"},{"taxonomy":"product_cat","embeddable":true,"href":"http:\/\/du-fa.hu\/de\/wp-json\/wp\/v2\/product_cat?post=5801"},{"taxonomy":"product_tag","embeddable":true,"href":"http:\/\/du-fa.hu\/de\/wp-json\/wp\/v2\/product_tag?post=5801"}],"curies":[{"name":"wp","href":"https:\/\/api.w.org\/{rel}","templated":true}]}}