{"id":5799,"date":"2018-02-15T13:11:12","date_gmt":"2018-02-15T13:11:12","guid":{"rendered":"http:\/\/du-fa.hu\/?post_type=product&#038;p=5799"},"modified":"2020-04-21T07:06:01","modified_gmt":"2020-04-21T07:06:01","slug":"standard-alu-elvedo-profil-22x22x03-mm-2-m-db","status":"publish","type":"product","link":"http:\/\/du-fa.hu\/de\/termek\/standard-alu-elvedo-profil-22x22x03-mm-2-m-db\/","title":{"rendered":"(Magyar) Standard alu \u00e9lv\u00e9d\u0151 profil 22x22x0,3 mm -2 m\/db"},"content":{"rendered":" ","protected":false},"excerpt":{"rendered":"","protected":false},"featured_media":5800,"template":"","meta":[],"product_brand":[],"product_cat":[78],"product_tag":[],"class_list":{"0":"post-5799","1":"product","2":"type-product","3":"status-publish","4":"has-post-thumbnail","6":"product_cat-elvedoszalagok","8":"first","9":"instock","10":"taxable","11":"shipping-taxable","12":"purchasable","13":"product-type-simple"},"_links":{"self":[{"href":"http:\/\/du-fa.hu\/de\/wp-json\/wp\/v2\/product\/5799","targetHints":{"allow":["GET"]}}],"collection":[{"href":"http:\/\/du-fa.hu\/de\/wp-json\/wp\/v2\/product"}],"about":[{"href":"http:\/\/du-fa.hu\/de\/wp-json\/wp\/v2\/types\/product"}],"wp:featuredmedia":[{"embeddable":true,"href":"http:\/\/du-fa.hu\/de\/wp-json\/wp\/v2\/media\/5800"}],"wp:attachment":[{"href":"http:\/\/du-fa.hu\/de\/wp-json\/wp\/v2\/media?parent=5799"}],"wp:term":[{"taxonomy":"product_brand","embeddable":true,"href":"http:\/\/du-fa.hu\/de\/wp-json\/wp\/v2\/product_brand?post=5799"},{"taxonomy":"product_cat","embeddable":true,"href":"http:\/\/du-fa.hu\/de\/wp-json\/wp\/v2\/product_cat?post=5799"},{"taxonomy":"product_tag","embeddable":true,"href":"http:\/\/du-fa.hu\/de\/wp-json\/wp\/v2\/product_tag?post=5799"}],"curies":[{"name":"wp","href":"https:\/\/api.w.org\/{rel}","templated":true}]}}