{"id":5318,"date":"2018-02-12T18:30:58","date_gmt":"2018-02-12T18:30:58","guid":{"rendered":"http:\/\/du-fa.hu\/?post_type=product&#038;p=5318"},"modified":"2021-02-04T10:39:48","modified_gmt":"2021-02-04T10:39:48","slug":"lefolyocso-elagazas-100mm","status":"publish","type":"product","link":"http:\/\/du-fa.hu\/de\/termek\/lefolyocso-elagazas-100mm\/","title":{"rendered":"(Magyar) Lefoly\u00f3cs\u0151 el\u00e1gaz\u00e1s 100mm"},"content":{"rendered":" ","protected":false},"excerpt":{"rendered":"","protected":false},"featured_media":5317,"template":"","meta":[],"product_brand":[],"product_cat":[134],"product_tag":[],"class_list":{"0":"post-5318","1":"product","2":"type-product","3":"status-publish","4":"has-post-thumbnail","6":"product_cat-szines-csatorna","8":"first","9":"instock","10":"taxable","11":"shipping-taxable","12":"purchasable","13":"product-type-variable"},"_links":{"self":[{"href":"http:\/\/du-fa.hu\/de\/wp-json\/wp\/v2\/product\/5318","targetHints":{"allow":["GET"]}}],"collection":[{"href":"http:\/\/du-fa.hu\/de\/wp-json\/wp\/v2\/product"}],"about":[{"href":"http:\/\/du-fa.hu\/de\/wp-json\/wp\/v2\/types\/product"}],"wp:featuredmedia":[{"embeddable":true,"href":"http:\/\/du-fa.hu\/de\/wp-json\/wp\/v2\/media\/5317"}],"wp:attachment":[{"href":"http:\/\/du-fa.hu\/de\/wp-json\/wp\/v2\/media?parent=5318"}],"wp:term":[{"taxonomy":"product_brand","embeddable":true,"href":"http:\/\/du-fa.hu\/de\/wp-json\/wp\/v2\/product_brand?post=5318"},{"taxonomy":"product_cat","embeddable":true,"href":"http:\/\/du-fa.hu\/de\/wp-json\/wp\/v2\/product_cat?post=5318"},{"taxonomy":"product_tag","embeddable":true,"href":"http:\/\/du-fa.hu\/de\/wp-json\/wp\/v2\/product_tag?post=5318"}],"curies":[{"name":"wp","href":"https:\/\/api.w.org\/{rel}","templated":true}]}}