{"id":4828,"date":"2018-02-08T12:48:41","date_gmt":"2018-02-08T12:48:41","guid":{"rendered":"http:\/\/du-fa.hu\/?post_type=product&#038;p=4828"},"modified":"2021-04-12T08:03:54","modified_gmt":"2021-04-12T08:03:54","slug":"zsindely-toronto-hodfarku-zold-barna-voros-antracit-385-m2-csomag","status":"publish","type":"product","link":"http:\/\/du-fa.hu\/de\/termek\/zsindely-toronto-hodfarku-zold-barna-voros-antracit-385-m2-csomag\/","title":{"rendered":"(Magyar) Zsindely Toronto h\u00f3dfark\u00fa ( z\u00f6ld, barna, v\u00f6r\u00f6s, antracit ) 3,85 m2\/csomag"},"content":{"rendered":" ","protected":false},"excerpt":{"rendered":"<p class=\"qtranxs-available-languages-message qtranxs-available-languages-message-de\">Leider ist der Eintrag nur auf <a href=\"http:\/\/du-fa.hu\/hu\/wp-json\/wp\/v2\/product\/4828\" class=\"qtranxs-available-language-link qtranxs-available-language-link-hu\" title=\"Magyar\">Magyar<\/a> verf\u00fcgbar.<\/p>\n","protected":false},"featured_media":4833,"template":"","meta":[],"product_brand":[],"product_cat":[139],"product_tag":[],"class_list":{"0":"post-4828","1":"product","2":"type-product","3":"status-publish","4":"has-post-thumbnail","6":"product_cat-zsindely","8":"first","9":"instock","10":"taxable","11":"shipping-taxable","12":"purchasable","13":"product-type-variable"},"_links":{"self":[{"href":"http:\/\/du-fa.hu\/de\/wp-json\/wp\/v2\/product\/4828","targetHints":{"allow":["GET"]}}],"collection":[{"href":"http:\/\/du-fa.hu\/de\/wp-json\/wp\/v2\/product"}],"about":[{"href":"http:\/\/du-fa.hu\/de\/wp-json\/wp\/v2\/types\/product"}],"wp:featuredmedia":[{"embeddable":true,"href":"http:\/\/du-fa.hu\/de\/wp-json\/wp\/v2\/media\/4833"}],"wp:attachment":[{"href":"http:\/\/du-fa.hu\/de\/wp-json\/wp\/v2\/media?parent=4828"}],"wp:term":[{"taxonomy":"product_brand","embeddable":true,"href":"http:\/\/du-fa.hu\/de\/wp-json\/wp\/v2\/product_brand?post=4828"},{"taxonomy":"product_cat","embeddable":true,"href":"http:\/\/du-fa.hu\/de\/wp-json\/wp\/v2\/product_cat?post=4828"},{"taxonomy":"product_tag","embeddable":true,"href":"http:\/\/du-fa.hu\/de\/wp-json\/wp\/v2\/product_tag?post=4828"}],"curies":[{"name":"wp","href":"https:\/\/api.w.org\/{rel}","templated":true}]}}