{"id":4788,"date":"2018-02-02T16:54:24","date_gmt":"2018-02-02T16:54:24","guid":{"rendered":"http:\/\/du-fa.hu\/?post_type=product&#038;p=4788"},"modified":"2021-01-28T13:19:07","modified_gmt":"2021-01-28T13:19:07","slug":"craft-m-2-kazettas-belteri-ajto-fenyo-tokos-75-210-fuv","status":"publish","type":"product","link":"http:\/\/du-fa.hu\/de\/termek\/craft-m-2-kazettas-belteri-ajto-fenyo-tokos-75-210-fuv\/","title":{"rendered":"(Magyar) Craft M.2 kazett\u00e1s belt\u00e9ri ajt\u00f3 feny\u0151 tokos 75\/210 F\u00dcV."},"content":{"rendered":" ","protected":false},"excerpt":{"rendered":"","protected":false},"featured_media":4791,"template":"","meta":[],"product_brand":[],"product_cat":[72],"product_tag":[],"class_list":{"0":"post-4788","1":"product","2":"type-product","3":"status-publish","4":"has-post-thumbnail","6":"product_cat-belteri-ajto","8":"first","9":"instock","10":"taxable","11":"shipping-taxable","12":"purchasable","13":"product-type-variable"},"_links":{"self":[{"href":"http:\/\/du-fa.hu\/de\/wp-json\/wp\/v2\/product\/4788","targetHints":{"allow":["GET"]}}],"collection":[{"href":"http:\/\/du-fa.hu\/de\/wp-json\/wp\/v2\/product"}],"about":[{"href":"http:\/\/du-fa.hu\/de\/wp-json\/wp\/v2\/types\/product"}],"wp:featuredmedia":[{"embeddable":true,"href":"http:\/\/du-fa.hu\/de\/wp-json\/wp\/v2\/media\/4791"}],"wp:attachment":[{"href":"http:\/\/du-fa.hu\/de\/wp-json\/wp\/v2\/media?parent=4788"}],"wp:term":[{"taxonomy":"product_brand","embeddable":true,"href":"http:\/\/du-fa.hu\/de\/wp-json\/wp\/v2\/product_brand?post=4788"},{"taxonomy":"product_cat","embeddable":true,"href":"http:\/\/du-fa.hu\/de\/wp-json\/wp\/v2\/product_cat?post=4788"},{"taxonomy":"product_tag","embeddable":true,"href":"http:\/\/du-fa.hu\/de\/wp-json\/wp\/v2\/product_tag?post=4788"}],"curies":[{"name":"wp","href":"https:\/\/api.w.org\/{rel}","templated":true}]}}