{"id":4713,"date":"2018-02-02T14:15:39","date_gmt":"2018-02-02T14:15:39","guid":{"rendered":"http:\/\/du-fa.hu\/?post_type=product&#038;p=4713"},"modified":"2018-09-17T11:33:48","modified_gmt":"2018-09-17T11:33:48","slug":"oromszegely-25-os-ksz-7-cm-szeles-hacl","status":"publish","type":"product","link":"http:\/\/du-fa.hu\/de\/termek\/oromszegely-25-os-ksz-7-cm-szeles-hacl\/","title":{"rendered":"(Magyar) Oromszeg\u00e9ly 25-\u00f6s ksz (7 cm sz\u00e9les) hacl"},"content":{"rendered":" ","protected":false},"excerpt":{"rendered":"","protected":false},"featured_media":4716,"template":"","meta":[],"product_brand":[],"product_cat":[133],"product_tag":[],"class_list":{"0":"post-4713","1":"product","2":"type-product","3":"status-publish","4":"has-post-thumbnail","6":"product_cat-horganyzott-szegelyek","7":"pa_hosszusag-1m","8":"pa_hosszusag-2m","10":"first","11":"instock","12":"taxable","13":"shipping-taxable","14":"purchasable","15":"product-type-variable"},"_links":{"self":[{"href":"http:\/\/du-fa.hu\/de\/wp-json\/wp\/v2\/product\/4713","targetHints":{"allow":["GET"]}}],"collection":[{"href":"http:\/\/du-fa.hu\/de\/wp-json\/wp\/v2\/product"}],"about":[{"href":"http:\/\/du-fa.hu\/de\/wp-json\/wp\/v2\/types\/product"}],"wp:featuredmedia":[{"embeddable":true,"href":"http:\/\/du-fa.hu\/de\/wp-json\/wp\/v2\/media\/4716"}],"wp:attachment":[{"href":"http:\/\/du-fa.hu\/de\/wp-json\/wp\/v2\/media?parent=4713"}],"wp:term":[{"taxonomy":"product_brand","embeddable":true,"href":"http:\/\/du-fa.hu\/de\/wp-json\/wp\/v2\/product_brand?post=4713"},{"taxonomy":"product_cat","embeddable":true,"href":"http:\/\/du-fa.hu\/de\/wp-json\/wp\/v2\/product_cat?post=4713"},{"taxonomy":"product_tag","embeddable":true,"href":"http:\/\/du-fa.hu\/de\/wp-json\/wp\/v2\/product_tag?post=4713"}],"curies":[{"name":"wp","href":"https:\/\/api.w.org\/{rel}","templated":true}]}}