{"id":4659,"date":"2018-02-02T12:25:31","date_gmt":"2018-02-02T12:25:31","guid":{"rendered":"http:\/\/du-fa.hu\/?post_type=product&#038;p=4659"},"modified":"2018-09-17T12:04:24","modified_gmt":"2018-09-17T12:04:24","slug":"csatornatarto-hosszu-25-os-ksz-hajlitott-hacl-30-cm","status":"publish","type":"product","link":"http:\/\/du-fa.hu\/de\/termek\/csatornatarto-hosszu-25-os-ksz-hajlitott-hacl-30-cm\/","title":{"rendered":"(Magyar) Csatornatart\u00f3 hossz\u00fa 25-\u00f6s ksz hajl\u00edtott Hacl (30 cm)"},"content":{"rendered":" ","protected":false},"excerpt":{"rendered":"","protected":false},"featured_media":4660,"template":"","meta":[],"product_brand":[],"product_cat":[135],"product_tag":[],"class_list":{"0":"post-4659","1":"product","2":"type-product","3":"status-publish","4":"has-post-thumbnail","6":"product_cat-horganyzott-csatorna","8":"first","9":"instock","10":"taxable","11":"shipping-taxable","12":"purchasable","13":"product-type-simple"},"_links":{"self":[{"href":"http:\/\/du-fa.hu\/de\/wp-json\/wp\/v2\/product\/4659","targetHints":{"allow":["GET"]}}],"collection":[{"href":"http:\/\/du-fa.hu\/de\/wp-json\/wp\/v2\/product"}],"about":[{"href":"http:\/\/du-fa.hu\/de\/wp-json\/wp\/v2\/types\/product"}],"wp:featuredmedia":[{"embeddable":true,"href":"http:\/\/du-fa.hu\/de\/wp-json\/wp\/v2\/media\/4660"}],"wp:attachment":[{"href":"http:\/\/du-fa.hu\/de\/wp-json\/wp\/v2\/media?parent=4659"}],"wp:term":[{"taxonomy":"product_brand","embeddable":true,"href":"http:\/\/du-fa.hu\/de\/wp-json\/wp\/v2\/product_brand?post=4659"},{"taxonomy":"product_cat","embeddable":true,"href":"http:\/\/du-fa.hu\/de\/wp-json\/wp\/v2\/product_cat?post=4659"},{"taxonomy":"product_tag","embeddable":true,"href":"http:\/\/du-fa.hu\/de\/wp-json\/wp\/v2\/product_tag?post=4659"}],"curies":[{"name":"wp","href":"https:\/\/api.w.org\/{rel}","templated":true}]}}