{"id":4483,"date":"2018-01-31T14:59:21","date_gmt":"2018-01-31T14:59:21","guid":{"rendered":"http:\/\/du-fa.hu\/?post_type=product&#038;p=4483"},"modified":"2021-02-09T10:29:44","modified_gmt":"2021-02-09T10:29:44","slug":"luna-quartz-midi-rezsuko-barna-40x35x25-cm","status":"publish","type":"product","link":"http:\/\/du-fa.hu\/de\/termek\/luna-quartz-midi-rezsuko-barna-40x35x25-cm\/","title":{"rendered":"(Magyar) Luna Quartz midi r\u00e9zs\u0171k\u0151 barna 40x35x25 cm"},"content":{"rendered":" ","protected":false},"excerpt":{"rendered":"","protected":false},"featured_media":4484,"template":"","meta":[],"product_brand":[],"product_cat":[117],"product_tag":[],"class_list":{"0":"post-4483","1":"product","2":"type-product","3":"status-publish","4":"has-post-thumbnail","6":"product_cat-rezsu","8":"first","9":"instock","10":"taxable","11":"shipping-taxable","12":"purchasable","13":"product-type-simple"},"_links":{"self":[{"href":"http:\/\/du-fa.hu\/de\/wp-json\/wp\/v2\/product\/4483","targetHints":{"allow":["GET"]}}],"collection":[{"href":"http:\/\/du-fa.hu\/de\/wp-json\/wp\/v2\/product"}],"about":[{"href":"http:\/\/du-fa.hu\/de\/wp-json\/wp\/v2\/types\/product"}],"wp:featuredmedia":[{"embeddable":true,"href":"http:\/\/du-fa.hu\/de\/wp-json\/wp\/v2\/media\/4484"}],"wp:attachment":[{"href":"http:\/\/du-fa.hu\/de\/wp-json\/wp\/v2\/media?parent=4483"}],"wp:term":[{"taxonomy":"product_brand","embeddable":true,"href":"http:\/\/du-fa.hu\/de\/wp-json\/wp\/v2\/product_brand?post=4483"},{"taxonomy":"product_cat","embeddable":true,"href":"http:\/\/du-fa.hu\/de\/wp-json\/wp\/v2\/product_cat?post=4483"},{"taxonomy":"product_tag","embeddable":true,"href":"http:\/\/du-fa.hu\/de\/wp-json\/wp\/v2\/product_tag?post=4483"}],"curies":[{"name":"wp","href":"https:\/\/api.w.org\/{rel}","templated":true}]}}