{"id":4479,"date":"2018-01-31T14:53:55","date_gmt":"2018-01-31T14:53:55","guid":{"rendered":"http:\/\/du-fa.hu\/?post_type=product&#038;p=4479"},"modified":"2021-02-09T10:30:37","modified_gmt":"2021-02-09T10:30:37","slug":"kemeny-fedlap-szurke-80x80-cm-1-db-kurtovel","status":"publish","type":"product","link":"http:\/\/du-fa.hu\/de\/termek\/kemeny-fedlap-szurke-80x80-cm-1-db-kurtovel\/","title":{"rendered":"(Magyar) k\u00e9m\u00e9ny fedlap  (sz\u00fcrke) 80&#215;80 cm, 1 db.k\u00fcrt\u0151vel"},"content":{"rendered":" ","protected":false},"excerpt":{"rendered":"","protected":false},"featured_media":4476,"template":"","meta":[],"product_brand":[],"product_cat":[115],"product_tag":[],"class_list":{"0":"post-4479","1":"product","2":"type-product","3":"status-publish","4":"has-post-thumbnail","6":"product_cat-kemeny-es-oszlop-fedlap","8":"first","9":"onbackorder","10":"taxable","11":"shipping-taxable","12":"purchasable","13":"product-type-simple"},"_links":{"self":[{"href":"http:\/\/du-fa.hu\/de\/wp-json\/wp\/v2\/product\/4479","targetHints":{"allow":["GET"]}}],"collection":[{"href":"http:\/\/du-fa.hu\/de\/wp-json\/wp\/v2\/product"}],"about":[{"href":"http:\/\/du-fa.hu\/de\/wp-json\/wp\/v2\/types\/product"}],"wp:featuredmedia":[{"embeddable":true,"href":"http:\/\/du-fa.hu\/de\/wp-json\/wp\/v2\/media\/4476"}],"wp:attachment":[{"href":"http:\/\/du-fa.hu\/de\/wp-json\/wp\/v2\/media?parent=4479"}],"wp:term":[{"taxonomy":"product_brand","embeddable":true,"href":"http:\/\/du-fa.hu\/de\/wp-json\/wp\/v2\/product_brand?post=4479"},{"taxonomy":"product_cat","embeddable":true,"href":"http:\/\/du-fa.hu\/de\/wp-json\/wp\/v2\/product_cat?post=4479"},{"taxonomy":"product_tag","embeddable":true,"href":"http:\/\/du-fa.hu\/de\/wp-json\/wp\/v2\/product_tag?post=4479"}],"curies":[{"name":"wp","href":"https:\/\/api.w.org\/{rel}","templated":true}]}}