{"id":4435,"date":"2018-01-31T14:04:09","date_gmt":"2018-01-31T14:04:09","guid":{"rendered":"http:\/\/du-fa.hu\/?post_type=product&#038;p=4435"},"modified":"2021-02-22T07:41:41","modified_gmt":"2021-02-22T07:41:41","slug":"bakony-nyilasathidalo-100-cm","status":"publish","type":"product","link":"http:\/\/du-fa.hu\/de\/termek\/bakony-nyilasathidalo-100-cm\/","title":{"rendered":"(Magyar) Bakony ny\u00edl\u00e1s\u00e1thidal\u00f3 100 cm"},"content":{"rendered":" ","protected":false},"excerpt":{"rendered":"","protected":false},"featured_media":4436,"template":"","meta":[],"product_brand":[],"product_cat":[118],"product_tag":[],"class_list":{"0":"post-4435","1":"product","2":"type-product","3":"status-publish","4":"has-post-thumbnail","6":"product_cat-beton-athidalo","8":"first","9":"instock","10":"taxable","11":"shipping-taxable","12":"purchasable","13":"product-type-simple"},"_links":{"self":[{"href":"http:\/\/du-fa.hu\/de\/wp-json\/wp\/v2\/product\/4435","targetHints":{"allow":["GET"]}}],"collection":[{"href":"http:\/\/du-fa.hu\/de\/wp-json\/wp\/v2\/product"}],"about":[{"href":"http:\/\/du-fa.hu\/de\/wp-json\/wp\/v2\/types\/product"}],"wp:featuredmedia":[{"embeddable":true,"href":"http:\/\/du-fa.hu\/de\/wp-json\/wp\/v2\/media\/4436"}],"wp:attachment":[{"href":"http:\/\/du-fa.hu\/de\/wp-json\/wp\/v2\/media?parent=4435"}],"wp:term":[{"taxonomy":"product_brand","embeddable":true,"href":"http:\/\/du-fa.hu\/de\/wp-json\/wp\/v2\/product_brand?post=4435"},{"taxonomy":"product_cat","embeddable":true,"href":"http:\/\/du-fa.hu\/de\/wp-json\/wp\/v2\/product_cat?post=4435"},{"taxonomy":"product_tag","embeddable":true,"href":"http:\/\/du-fa.hu\/de\/wp-json\/wp\/v2\/product_tag?post=4435"}],"curies":[{"name":"wp","href":"https:\/\/api.w.org\/{rel}","templated":true}]}}