{"id":4433,"date":"2018-01-31T13:39:19","date_gmt":"2018-01-31T13:39:19","guid":{"rendered":"http:\/\/du-fa.hu\/?post_type=product&#038;p=4433"},"modified":"2021-02-09T10:40:15","modified_gmt":"2021-02-09T10:40:15","slug":"z200-ketoldalon-jarhato-letra-d-fokos-allo-letra-2x9-fokos","status":"publish","type":"product","link":"http:\/\/du-fa.hu\/de\/termek\/z200-ketoldalon-jarhato-letra-d-fokos-allo-letra-2x9-fokos\/","title":{"rendered":"(Magyar) Z200 k\u00e9toldalon j\u00e1rhat\u00f3  l\u00e9tra D fokos \u00e1ll\u00f3 l\u00e9tra 2&#215;9 fokos"},"content":{"rendered":" ","protected":false},"excerpt":{"rendered":"","protected":false},"featured_media":4434,"template":"","meta":[],"product_brand":[],"product_cat":[66],"product_tag":[],"class_list":{"0":"post-4433","1":"product","2":"type-product","3":"status-publish","4":"has-post-thumbnail","6":"product_cat-tobbcelu-letra","8":"first","9":"instock","10":"taxable","11":"shipping-taxable","12":"purchasable","13":"product-type-simple"},"_links":{"self":[{"href":"http:\/\/du-fa.hu\/de\/wp-json\/wp\/v2\/product\/4433","targetHints":{"allow":["GET"]}}],"collection":[{"href":"http:\/\/du-fa.hu\/de\/wp-json\/wp\/v2\/product"}],"about":[{"href":"http:\/\/du-fa.hu\/de\/wp-json\/wp\/v2\/types\/product"}],"wp:featuredmedia":[{"embeddable":true,"href":"http:\/\/du-fa.hu\/de\/wp-json\/wp\/v2\/media\/4434"}],"wp:attachment":[{"href":"http:\/\/du-fa.hu\/de\/wp-json\/wp\/v2\/media?parent=4433"}],"wp:term":[{"taxonomy":"product_brand","embeddable":true,"href":"http:\/\/du-fa.hu\/de\/wp-json\/wp\/v2\/product_brand?post=4433"},{"taxonomy":"product_cat","embeddable":true,"href":"http:\/\/du-fa.hu\/de\/wp-json\/wp\/v2\/product_cat?post=4433"},{"taxonomy":"product_tag","embeddable":true,"href":"http:\/\/du-fa.hu\/de\/wp-json\/wp\/v2\/product_tag?post=4433"}],"curies":[{"name":"wp","href":"https:\/\/api.w.org\/{rel}","templated":true}]}}