{"id":4396,"date":"2018-01-31T12:52:30","date_gmt":"2018-01-31T12:52:30","guid":{"rendered":"http:\/\/du-fa.hu\/?post_type=product&#038;p=4396"},"modified":"2018-01-31T12:52:30","modified_gmt":"2018-01-31T12:52:30","slug":"letrazhato-extra-takaro-foliaujrahasznositott-pe-4x5m-20m2","status":"publish","type":"product","link":"http:\/\/du-fa.hu\/de\/termek\/letrazhato-extra-takaro-foliaujrahasznositott-pe-4x5m-20m2\/","title":{"rendered":"(Magyar) L\u00e9tr\u00e1zhat\u00f3 extra takar\u00f3 f\u00f3lia,\u00fajrahasznos\u00edtott PE 4x5m, 20m2"},"content":{"rendered":" ","protected":false},"excerpt":{"rendered":"","protected":false},"featured_media":4397,"template":"","meta":[],"product_brand":[],"product_cat":[127],"product_tag":[],"class_list":{"0":"post-4396","1":"product","2":"type-product","3":"status-publish","4":"has-post-thumbnail","6":"product_cat-takarofolia","8":"first","9":"instock","10":"taxable","11":"shipping-taxable","12":"purchasable","13":"product-type-simple"},"_links":{"self":[{"href":"http:\/\/du-fa.hu\/de\/wp-json\/wp\/v2\/product\/4396","targetHints":{"allow":["GET"]}}],"collection":[{"href":"http:\/\/du-fa.hu\/de\/wp-json\/wp\/v2\/product"}],"about":[{"href":"http:\/\/du-fa.hu\/de\/wp-json\/wp\/v2\/types\/product"}],"wp:featuredmedia":[{"embeddable":true,"href":"http:\/\/du-fa.hu\/de\/wp-json\/wp\/v2\/media\/4397"}],"wp:attachment":[{"href":"http:\/\/du-fa.hu\/de\/wp-json\/wp\/v2\/media?parent=4396"}],"wp:term":[{"taxonomy":"product_brand","embeddable":true,"href":"http:\/\/du-fa.hu\/de\/wp-json\/wp\/v2\/product_brand?post=4396"},{"taxonomy":"product_cat","embeddable":true,"href":"http:\/\/du-fa.hu\/de\/wp-json\/wp\/v2\/product_cat?post=4396"},{"taxonomy":"product_tag","embeddable":true,"href":"http:\/\/du-fa.hu\/de\/wp-json\/wp\/v2\/product_tag?post=4396"}],"curies":[{"name":"wp","href":"https:\/\/api.w.org\/{rel}","templated":true}]}}