{"id":4393,"date":"2018-01-31T12:49:40","date_gmt":"2018-01-31T12:49:40","guid":{"rendered":"http:\/\/du-fa.hu\/?post_type=product&#038;p=4393"},"modified":"2018-09-18T07:36:22","modified_gmt":"2018-09-18T07:36:22","slug":"epitesi-folia-ujrahasznositott-pe-009-m-4x25-m-100m2-tekercs-bf100","status":"publish","type":"product","link":"http:\/\/du-fa.hu\/de\/termek\/epitesi-folia-ujrahasznositott-pe-009-m-4x25-m-100m2-tekercs-bf100\/","title":{"rendered":"(Magyar) \u00c9p\u00edt\u00e9si f\u00f3lia, \u00fajrahasznos\u00edtott PE 0,09 m  4&#215;25 m-100m2\/tekercs BF100"},"content":{"rendered":" ","protected":false},"excerpt":{"rendered":"","protected":false},"featured_media":4394,"template":"","meta":[],"product_brand":[],"product_cat":[127],"product_tag":[],"class_list":{"0":"post-4393","1":"product","2":"type-product","3":"status-publish","4":"has-post-thumbnail","6":"product_cat-takarofolia","8":"first","9":"instock","10":"taxable","11":"shipping-taxable","12":"purchasable","13":"product-type-simple"},"_links":{"self":[{"href":"http:\/\/du-fa.hu\/de\/wp-json\/wp\/v2\/product\/4393","targetHints":{"allow":["GET"]}}],"collection":[{"href":"http:\/\/du-fa.hu\/de\/wp-json\/wp\/v2\/product"}],"about":[{"href":"http:\/\/du-fa.hu\/de\/wp-json\/wp\/v2\/types\/product"}],"wp:featuredmedia":[{"embeddable":true,"href":"http:\/\/du-fa.hu\/de\/wp-json\/wp\/v2\/media\/4394"}],"wp:attachment":[{"href":"http:\/\/du-fa.hu\/de\/wp-json\/wp\/v2\/media?parent=4393"}],"wp:term":[{"taxonomy":"product_brand","embeddable":true,"href":"http:\/\/du-fa.hu\/de\/wp-json\/wp\/v2\/product_brand?post=4393"},{"taxonomy":"product_cat","embeddable":true,"href":"http:\/\/du-fa.hu\/de\/wp-json\/wp\/v2\/product_cat?post=4393"},{"taxonomy":"product_tag","embeddable":true,"href":"http:\/\/du-fa.hu\/de\/wp-json\/wp\/v2\/product_tag?post=4393"}],"curies":[{"name":"wp","href":"https:\/\/api.w.org\/{rel}","templated":true}]}}