{"id":4390,"date":"2018-01-31T12:46:25","date_gmt":"2018-01-31T12:46:25","guid":{"rendered":"http:\/\/du-fa.hu\/?post_type=product&#038;p=4390"},"modified":"2018-09-18T07:37:24","modified_gmt":"2018-09-18T07:37:24","slug":"parazaro-folia-isoflex-classic-37-5-m2-tekercs-105-g-m2","status":"publish","type":"product","link":"http:\/\/du-fa.hu\/de\/termek\/parazaro-folia-isoflex-classic-37-5-m2-tekercs-105-g-m2\/","title":{"rendered":"(Magyar) P\u00e1raz\u00e1r\u00f3 f\u00f3lia Isoflex Classic  37.5 m2\/tekercs 105 g\/m2"},"content":{"rendered":" ","protected":false},"excerpt":{"rendered":"","protected":false},"featured_media":4389,"template":"","meta":[],"product_brand":[],"product_cat":[129],"product_tag":[],"class_list":{"0":"post-4390","1":"product","2":"type-product","3":"status-publish","4":"has-post-thumbnail","6":"product_cat-parazaro-tetofolia","8":"first","9":"outofstock","10":"taxable","11":"shipping-taxable","12":"purchasable","13":"product-type-simple"},"_links":{"self":[{"href":"http:\/\/du-fa.hu\/de\/wp-json\/wp\/v2\/product\/4390","targetHints":{"allow":["GET"]}}],"collection":[{"href":"http:\/\/du-fa.hu\/de\/wp-json\/wp\/v2\/product"}],"about":[{"href":"http:\/\/du-fa.hu\/de\/wp-json\/wp\/v2\/types\/product"}],"wp:featuredmedia":[{"embeddable":true,"href":"http:\/\/du-fa.hu\/de\/wp-json\/wp\/v2\/media\/4389"}],"wp:attachment":[{"href":"http:\/\/du-fa.hu\/de\/wp-json\/wp\/v2\/media?parent=4390"}],"wp:term":[{"taxonomy":"product_brand","embeddable":true,"href":"http:\/\/du-fa.hu\/de\/wp-json\/wp\/v2\/product_brand?post=4390"},{"taxonomy":"product_cat","embeddable":true,"href":"http:\/\/du-fa.hu\/de\/wp-json\/wp\/v2\/product_cat?post=4390"},{"taxonomy":"product_tag","embeddable":true,"href":"http:\/\/du-fa.hu\/de\/wp-json\/wp\/v2\/product_tag?post=4390"}],"curies":[{"name":"wp","href":"https:\/\/api.w.org\/{rel}","templated":true}]}}