{"id":4386,"date":"2018-01-31T12:36:05","date_gmt":"2018-01-31T12:36:05","guid":{"rendered":"http:\/\/du-fa.hu\/?post_type=product&#038;p=4386"},"modified":"2021-04-26T10:52:10","modified_gmt":"2021-04-26T10:52:10","slug":"parazaro-tetofolia-isofol-ezust-szott-375-m2-tekercs","status":"publish","type":"product","link":"http:\/\/du-fa.hu\/de\/termek\/parazaro-tetofolia-isofol-ezust-szott-375-m2-tekercs\/","title":{"rendered":"(Magyar) P\u00e1raz\u00e1r\u00f3 tet\u0151f\u00f3lia Isofol ez\u00fcst sz\u0151tt 37,5 m2\/tekercs"},"content":{"rendered":" ","protected":false},"excerpt":{"rendered":"","protected":false},"featured_media":4387,"template":"","meta":[],"product_brand":[],"product_cat":[129],"product_tag":[],"class_list":{"0":"post-4386","1":"product","2":"type-product","3":"status-publish","4":"has-post-thumbnail","6":"product_cat-parazaro-tetofolia","8":"first","9":"instock","10":"taxable","11":"shipping-taxable","12":"purchasable","13":"product-type-simple"},"_links":{"self":[{"href":"http:\/\/du-fa.hu\/de\/wp-json\/wp\/v2\/product\/4386","targetHints":{"allow":["GET"]}}],"collection":[{"href":"http:\/\/du-fa.hu\/de\/wp-json\/wp\/v2\/product"}],"about":[{"href":"http:\/\/du-fa.hu\/de\/wp-json\/wp\/v2\/types\/product"}],"wp:featuredmedia":[{"embeddable":true,"href":"http:\/\/du-fa.hu\/de\/wp-json\/wp\/v2\/media\/4387"}],"wp:attachment":[{"href":"http:\/\/du-fa.hu\/de\/wp-json\/wp\/v2\/media?parent=4386"}],"wp:term":[{"taxonomy":"product_brand","embeddable":true,"href":"http:\/\/du-fa.hu\/de\/wp-json\/wp\/v2\/product_brand?post=4386"},{"taxonomy":"product_cat","embeddable":true,"href":"http:\/\/du-fa.hu\/de\/wp-json\/wp\/v2\/product_cat?post=4386"},{"taxonomy":"product_tag","embeddable":true,"href":"http:\/\/du-fa.hu\/de\/wp-json\/wp\/v2\/product_tag?post=4386"}],"curies":[{"name":"wp","href":"https:\/\/api.w.org\/{rel}","templated":true}]}}