{"id":4383,"date":"2018-01-31T12:32:07","date_gmt":"2018-01-31T12:32:07","guid":{"rendered":"http:\/\/du-fa.hu\/?post_type=product&#038;p=4383"},"modified":"2021-02-01T14:04:52","modified_gmt":"2021-02-01T14:04:52","slug":"paraatereszto-vizzaro-folia-75-m2-tekercs-95-g-m2-bilka","status":"publish","type":"product","link":"http:\/\/du-fa.hu\/de\/termek\/paraatereszto-vizzaro-folia-75-m2-tekercs-95-g-m2-bilka\/","title":{"rendered":"(Magyar) P\u00e1ra\u00e1tereszt\u0151,  v\u00edzz\u00e1r\u00f3 f\u00f3lia  75 m2 \/ tekercs 95 g\/m2 (Bilka)"},"content":{"rendered":" ","protected":false},"excerpt":{"rendered":"","protected":false},"featured_media":4384,"template":"","meta":[],"product_brand":[],"product_cat":[130],"product_tag":[],"class_list":{"0":"post-4383","1":"product","2":"type-product","3":"status-publish","4":"has-post-thumbnail","6":"product_cat-paraatereszto-tetofolia","8":"first","9":"instock","10":"taxable","11":"shipping-taxable","12":"purchasable","13":"product-type-simple"},"_links":{"self":[{"href":"http:\/\/du-fa.hu\/de\/wp-json\/wp\/v2\/product\/4383","targetHints":{"allow":["GET"]}}],"collection":[{"href":"http:\/\/du-fa.hu\/de\/wp-json\/wp\/v2\/product"}],"about":[{"href":"http:\/\/du-fa.hu\/de\/wp-json\/wp\/v2\/types\/product"}],"wp:featuredmedia":[{"embeddable":true,"href":"http:\/\/du-fa.hu\/de\/wp-json\/wp\/v2\/media\/4384"}],"wp:attachment":[{"href":"http:\/\/du-fa.hu\/de\/wp-json\/wp\/v2\/media?parent=4383"}],"wp:term":[{"taxonomy":"product_brand","embeddable":true,"href":"http:\/\/du-fa.hu\/de\/wp-json\/wp\/v2\/product_brand?post=4383"},{"taxonomy":"product_cat","embeddable":true,"href":"http:\/\/du-fa.hu\/de\/wp-json\/wp\/v2\/product_cat?post=4383"},{"taxonomy":"product_tag","embeddable":true,"href":"http:\/\/du-fa.hu\/de\/wp-json\/wp\/v2\/product_tag?post=4383"}],"curies":[{"name":"wp","href":"https:\/\/api.w.org\/{rel}","templated":true}]}}