{"id":4381,"date":"2018-01-31T12:31:09","date_gmt":"2018-01-31T12:31:09","guid":{"rendered":"http:\/\/du-fa.hu\/?post_type=product&#038;p=4381"},"modified":"2021-02-01T14:05:15","modified_gmt":"2021-02-01T14:05:15","slug":"paraatereszto-folia-mastermax-3-classic-75-m2-tekercs-135g-m2","status":"publish","type":"product","link":"http:\/\/du-fa.hu\/de\/termek\/paraatereszto-folia-mastermax-3-classic-75-m2-tekercs-135g-m2\/","title":{"rendered":"(Magyar) P\u00e1ra\u00e1tereszt\u0151 f\u00f3lia Mastermax 3 Classic 75 m2\/tekercs 135g\/m2"},"content":{"rendered":" ","protected":false},"excerpt":{"rendered":"","protected":false},"featured_media":4382,"template":"","meta":[],"product_brand":[],"product_cat":[130],"product_tag":[],"class_list":{"0":"post-4381","1":"product","2":"type-product","3":"status-publish","4":"has-post-thumbnail","6":"product_cat-paraatereszto-tetofolia","8":"first","9":"instock","10":"taxable","11":"shipping-taxable","12":"purchasable","13":"product-type-simple"},"_links":{"self":[{"href":"http:\/\/du-fa.hu\/de\/wp-json\/wp\/v2\/product\/4381","targetHints":{"allow":["GET"]}}],"collection":[{"href":"http:\/\/du-fa.hu\/de\/wp-json\/wp\/v2\/product"}],"about":[{"href":"http:\/\/du-fa.hu\/de\/wp-json\/wp\/v2\/types\/product"}],"wp:featuredmedia":[{"embeddable":true,"href":"http:\/\/du-fa.hu\/de\/wp-json\/wp\/v2\/media\/4382"}],"wp:attachment":[{"href":"http:\/\/du-fa.hu\/de\/wp-json\/wp\/v2\/media?parent=4381"}],"wp:term":[{"taxonomy":"product_brand","embeddable":true,"href":"http:\/\/du-fa.hu\/de\/wp-json\/wp\/v2\/product_brand?post=4381"},{"taxonomy":"product_cat","embeddable":true,"href":"http:\/\/du-fa.hu\/de\/wp-json\/wp\/v2\/product_cat?post=4381"},{"taxonomy":"product_tag","embeddable":true,"href":"http:\/\/du-fa.hu\/de\/wp-json\/wp\/v2\/product_tag?post=4381"}],"curies":[{"name":"wp","href":"https:\/\/api.w.org\/{rel}","templated":true}]}}