{"id":4375,"date":"2018-01-31T12:22:38","date_gmt":"2018-01-31T12:22:38","guid":{"rendered":"http:\/\/du-fa.hu\/?post_type=product&#038;p=4375"},"modified":"2021-03-23T14:53:04","modified_gmt":"2021-03-23T14:53:04","slug":"isoflex-alu-lp-hotukros-folia-120x50m-60-m2-tekercs","status":"publish","type":"product","link":"http:\/\/du-fa.hu\/de\/termek\/isoflex-alu-lp-hotukros-folia-120x50m-60-m2-tekercs\/","title":{"rendered":"(Magyar) Isoflex Alu LP H\u0151t\u00fckr\u00f6s f\u00f3lia 1,20x50m 60 m2\/tekercs"},"content":{"rendered":" ","protected":false},"excerpt":{"rendered":"","protected":false},"featured_media":4376,"template":"","meta":[],"product_brand":[],"product_cat":[128],"product_tag":[],"class_list":{"0":"post-4375","1":"product","2":"type-product","3":"status-publish","4":"has-post-thumbnail","6":"product_cat-hotukros-folia","8":"first","9":"instock","10":"taxable","11":"shipping-taxable","12":"purchasable","13":"product-type-simple"},"_links":{"self":[{"href":"http:\/\/du-fa.hu\/de\/wp-json\/wp\/v2\/product\/4375","targetHints":{"allow":["GET"]}}],"collection":[{"href":"http:\/\/du-fa.hu\/de\/wp-json\/wp\/v2\/product"}],"about":[{"href":"http:\/\/du-fa.hu\/de\/wp-json\/wp\/v2\/types\/product"}],"wp:featuredmedia":[{"embeddable":true,"href":"http:\/\/du-fa.hu\/de\/wp-json\/wp\/v2\/media\/4376"}],"wp:attachment":[{"href":"http:\/\/du-fa.hu\/de\/wp-json\/wp\/v2\/media?parent=4375"}],"wp:term":[{"taxonomy":"product_brand","embeddable":true,"href":"http:\/\/du-fa.hu\/de\/wp-json\/wp\/v2\/product_brand?post=4375"},{"taxonomy":"product_cat","embeddable":true,"href":"http:\/\/du-fa.hu\/de\/wp-json\/wp\/v2\/product_cat?post=4375"},{"taxonomy":"product_tag","embeddable":true,"href":"http:\/\/du-fa.hu\/de\/wp-json\/wp\/v2\/product_tag?post=4375"}],"curies":[{"name":"wp","href":"https:\/\/api.w.org\/{rel}","templated":true}]}}