{"id":4369,"date":"2018-01-31T12:15:55","date_gmt":"2018-01-31T12:15:55","guid":{"rendered":"http:\/\/du-fa.hu\/?post_type=product&#038;p=4369"},"modified":"2021-03-17T14:30:58","modified_gmt":"2021-03-17T14:30:58","slug":"gipszkarton-lap-rb-tuzgatlo-1200x2000x12-5-mm-rigips","status":"publish","type":"product","link":"http:\/\/du-fa.hu\/de\/termek\/gipszkarton-lap-rb-tuzgatlo-1200x2000x12-5-mm-rigips\/","title":{"rendered":"(Magyar) Gipszkarton lap RB t\u0171zg\u00e1tl\u00f3 1200x2000x12.5 mm Rigips"},"content":{"rendered":" ","protected":false},"excerpt":{"rendered":"","protected":false},"featured_media":4370,"template":"","meta":[],"product_brand":[],"product_cat":[75],"product_tag":[],"class_list":{"0":"post-4369","1":"product","2":"type-product","3":"status-publish","4":"has-post-thumbnail","6":"product_cat-gipszkarton","8":"first","9":"instock","10":"taxable","11":"shipping-taxable","12":"purchasable","13":"product-type-simple"},"_links":{"self":[{"href":"http:\/\/du-fa.hu\/de\/wp-json\/wp\/v2\/product\/4369","targetHints":{"allow":["GET"]}}],"collection":[{"href":"http:\/\/du-fa.hu\/de\/wp-json\/wp\/v2\/product"}],"about":[{"href":"http:\/\/du-fa.hu\/de\/wp-json\/wp\/v2\/types\/product"}],"wp:featuredmedia":[{"embeddable":true,"href":"http:\/\/du-fa.hu\/de\/wp-json\/wp\/v2\/media\/4370"}],"wp:attachment":[{"href":"http:\/\/du-fa.hu\/de\/wp-json\/wp\/v2\/media?parent=4369"}],"wp:term":[{"taxonomy":"product_brand","embeddable":true,"href":"http:\/\/du-fa.hu\/de\/wp-json\/wp\/v2\/product_brand?post=4369"},{"taxonomy":"product_cat","embeddable":true,"href":"http:\/\/du-fa.hu\/de\/wp-json\/wp\/v2\/product_cat?post=4369"},{"taxonomy":"product_tag","embeddable":true,"href":"http:\/\/du-fa.hu\/de\/wp-json\/wp\/v2\/product_tag?post=4369"}],"curies":[{"name":"wp","href":"https:\/\/api.w.org\/{rel}","templated":true}]}}