{"id":4349,"date":"2018-01-31T10:57:19","date_gmt":"2018-01-31T10:57:19","guid":{"rendered":"http:\/\/du-fa.hu\/?post_type=product&#038;p=4349"},"modified":"2021-01-25T10:42:30","modified_gmt":"2021-01-25T10:42:30","slug":"kismeretu-tegla-nagyszilardsagu-valogatott-55-cm","status":"publish","type":"product","link":"http:\/\/du-fa.hu\/de\/termek\/kismeretu-tegla-nagyszilardsagu-valogatott-55-cm\/","title":{"rendered":"(Magyar) Kism\u00e9ret\u0171 t\u00e9gla -nagyszil\u00e1rds\u00e1g\u00fa, v\u00e1logatott 5,5 cm"},"content":{"rendered":" ","protected":false},"excerpt":{"rendered":"","protected":false},"featured_media":4350,"template":"","meta":[],"product_brand":[],"product_cat":[60],"product_tag":[],"class_list":{"0":"post-4349","1":"product","2":"type-product","3":"status-publish","4":"has-post-thumbnail","6":"product_cat-kismeretu-tegla","8":"first","9":"instock","10":"taxable","11":"shipping-taxable","12":"purchasable","13":"product-type-simple"},"_links":{"self":[{"href":"http:\/\/du-fa.hu\/de\/wp-json\/wp\/v2\/product\/4349","targetHints":{"allow":["GET"]}}],"collection":[{"href":"http:\/\/du-fa.hu\/de\/wp-json\/wp\/v2\/product"}],"about":[{"href":"http:\/\/du-fa.hu\/de\/wp-json\/wp\/v2\/types\/product"}],"wp:featuredmedia":[{"embeddable":true,"href":"http:\/\/du-fa.hu\/de\/wp-json\/wp\/v2\/media\/4350"}],"wp:attachment":[{"href":"http:\/\/du-fa.hu\/de\/wp-json\/wp\/v2\/media?parent=4349"}],"wp:term":[{"taxonomy":"product_brand","embeddable":true,"href":"http:\/\/du-fa.hu\/de\/wp-json\/wp\/v2\/product_brand?post=4349"},{"taxonomy":"product_cat","embeddable":true,"href":"http:\/\/du-fa.hu\/de\/wp-json\/wp\/v2\/product_cat?post=4349"},{"taxonomy":"product_tag","embeddable":true,"href":"http:\/\/du-fa.hu\/de\/wp-json\/wp\/v2\/product_tag?post=4349"}],"curies":[{"name":"wp","href":"https:\/\/api.w.org\/{rel}","templated":true}]}}