{"id":4309,"date":"2018-01-30T16:35:37","date_gmt":"2018-01-30T16:35:37","guid":{"rendered":"http:\/\/du-fa.hu\/?post_type=product&#038;p=4309"},"modified":"2021-02-03T09:46:19","modified_gmt":"2021-02-03T09:46:19","slug":"tablasitott-borovi-csomomentes-ht-frizes-18x2500x1200mm-a-a","status":"publish","type":"product","link":"http:\/\/du-fa.hu\/de\/termek\/tablasitott-borovi-csomomentes-ht-frizes-18x2500x1200mm-a-a\/","title":{"rendered":"(Magyar) T\u00e1bl\u00e1s\u00edtott borovi csom\u00f3mentes\/HT\/ fr\u00edzes\/ 18x2500x1200mm A\/A"},"content":{"rendered":" ","protected":false},"excerpt":{"rendered":"","protected":false},"featured_media":4310,"template":"","meta":[],"product_brand":[],"product_cat":[147],"product_tag":[],"class_list":{"0":"post-4309","1":"product","2":"type-product","3":"status-publish","4":"has-post-thumbnail","6":"product_cat-tablasitott-lap","8":"first","9":"instock","10":"taxable","11":"shipping-taxable","12":"purchasable","13":"product-type-simple"},"_links":{"self":[{"href":"http:\/\/du-fa.hu\/de\/wp-json\/wp\/v2\/product\/4309","targetHints":{"allow":["GET"]}}],"collection":[{"href":"http:\/\/du-fa.hu\/de\/wp-json\/wp\/v2\/product"}],"about":[{"href":"http:\/\/du-fa.hu\/de\/wp-json\/wp\/v2\/types\/product"}],"wp:featuredmedia":[{"embeddable":true,"href":"http:\/\/du-fa.hu\/de\/wp-json\/wp\/v2\/media\/4310"}],"wp:attachment":[{"href":"http:\/\/du-fa.hu\/de\/wp-json\/wp\/v2\/media?parent=4309"}],"wp:term":[{"taxonomy":"product_brand","embeddable":true,"href":"http:\/\/du-fa.hu\/de\/wp-json\/wp\/v2\/product_brand?post=4309"},{"taxonomy":"product_cat","embeddable":true,"href":"http:\/\/du-fa.hu\/de\/wp-json\/wp\/v2\/product_cat?post=4309"},{"taxonomy":"product_tag","embeddable":true,"href":"http:\/\/du-fa.hu\/de\/wp-json\/wp\/v2\/product_tag?post=4309"}],"curies":[{"name":"wp","href":"https:\/\/api.w.org\/{rel}","templated":true}]}}