{"id":3357,"date":"2017-11-30T15:00:31","date_gmt":"2017-11-30T15:00:31","guid":{"rendered":"http:\/\/www.du-fa.hu\/?page_id=3357"},"modified":"2022-10-20T08:49:39","modified_gmt":"2022-10-20T08:49:39","slug":"impresszum","status":"publish","type":"page","link":"http:\/\/du-fa.hu\/de\/impresszum\/","title":{"rendered":"Impresszum"},"content":{"rendered":"<p>C\u00e9gn\u00e9v: \u00a0 \u00a0 Euro \u2013 Clean System Kereskedelmi \u00e9s Szolg\u00e1ltat\u00f3 Korl\u00e1tolt Felel\u0151ss\u00e9g\u0171 T\u00e1rsas\u00e1g<br \/>\nR\u00f6vid c\u00e9gn\u00e9v: \u00a0 \u00a0 \u00a0Euro \u2013 Clean System Kft.<br \/>\nSz\u00e9khely: \u00a0 \u00a0 \u00a0 \u00a0 \u00a0 \u00a0 \u00a0 \u00a0 \u00a0HU-7500 Nagyat\u00e1d, Szarvas 2540\/3 hrsz.<br \/>\nLevelez\u00e9si c\u00edm: \u00a0 \u00a0 \u00a0 \u00a07500 Nagyat\u00e1d, Szarvas 2540\/3 hrsz.<br \/>\nAd\u00f3sz\u00e1m: \u00a0 \u00a0 \u00a0 \u00a0 \u00a0 \u00a0 \u00a0 \u00a0 14382503-2- 14<br \/>\nTelefonsz\u00e1m: \u00a0 \u00a0 \u00a0 \u00a0 \u00a0 (82) 951 735<br \/>\nE-mail:\u00a0\u00a0\u00a0\u00a0\u00a0\u00a0\u00a0\u00a0\u00a0\u00a0\u00a0\u00a0\u00a0\u00a0\u00a0\u00a0\u00a0\u00a0\u00a0 dufafatelep@gmail.com<br \/>\nWeboldal:\u00a0\u00a0\u00a0\u00a0\u00a0\u00a0\u00a0\u00a0\u00a0\u00a0\u00a0\u00a0\u00a0\u00a0\u00a0\u00a0www.webshop.du-fa.hu<\/p>\n<p>T\u00e1rhely szolg\u00e1ltat\u00f3<br \/>\nPaper Dog (Hungary) Kft.<br \/>\n8200 Veszpr\u00e9m, Szabads\u00e1g t\u00e9r 12.<br \/>\n<a href=\"http:\/\/www.paperdog.hu\">www.paperdog.hu<\/a><\/p>\n ","protected":false},"excerpt":{"rendered":"<p>C\u00e9gn\u00e9v: \u00a0 \u00a0 Euro \u2013 Clean System Kereskedelmi \u00e9s Szolg\u00e1ltat\u00f3 Korl\u00e1tolt Felel\u0151ss\u00e9g\u0171 T\u00e1rsas\u00e1g R\u00f6vid c\u00e9gn\u00e9v: \u00a0 \u00a0 \u00a0Euro \u2013 Clean System Kft. Sz\u00e9khely: \u00a0 \u00a0 \u00a0 \u00a0 \u00a0 \u00a0 \u00a0 \u00a0 \u00a0HU-7500 Nagyat\u00e1d, Szarvas 2540\/3 hrsz. Levelez\u00e9si c\u00edm: \u00a0 \u00a0 \u00a0 \u00a07500 Nagyat\u00e1d, Szarvas 2540\/3 hrsz. Ad\u00f3sz\u00e1m: \u00a0 \u00a0 \u00a0 \u00a0 \u00a0 \u00a0 \u00a0 \u00a0 [&hellip;]<\/p>\n","protected":false},"author":8,"featured_media":0,"parent":0,"menu_order":0,"comment_status":"closed","ping_status":"closed","template":"","meta":{"footnotes":""},"class_list":["post-3357","page","type-page","status-publish","hentry"],"_links":{"self":[{"href":"http:\/\/du-fa.hu\/de\/wp-json\/wp\/v2\/pages\/3357","targetHints":{"allow":["GET"]}}],"collection":[{"href":"http:\/\/du-fa.hu\/de\/wp-json\/wp\/v2\/pages"}],"about":[{"href":"http:\/\/du-fa.hu\/de\/wp-json\/wp\/v2\/types\/page"}],"author":[{"embeddable":true,"href":"http:\/\/du-fa.hu\/de\/wp-json\/wp\/v2\/users\/8"}],"replies":[{"embeddable":true,"href":"http:\/\/du-fa.hu\/de\/wp-json\/wp\/v2\/comments?post=3357"}],"version-history":[{"count":4,"href":"http:\/\/du-fa.hu\/de\/wp-json\/wp\/v2\/pages\/3357\/revisions"}],"predecessor-version":[{"id":8339,"href":"http:\/\/du-fa.hu\/de\/wp-json\/wp\/v2\/pages\/3357\/revisions\/8339"}],"wp:attachment":[{"href":"http:\/\/du-fa.hu\/de\/wp-json\/wp\/v2\/media?parent=3357"}],"curies":[{"name":"wp","href":"https:\/\/api.w.org\/{rel}","templated":true}]}}